{"id":4096,"date":"2023-01-09T12:44:33","date_gmt":"2023-01-09T11:44:33","guid":{"rendered":"https:\/\/ndo24.pl\/rodo\/"},"modified":"2024-04-11T13:07:00","modified_gmt":"2024-04-11T11:07:00","slug":"rodo","status":"publish","type":"page","link":"https:\/\/ndo24.pl\/it\/rodo\/","title":{"rendered":"Rodo"},"content":{"rendered":"<h2>Dati personali &#8211; li trattiamo in conformit\u00e0 al RODO.<\/h2>\n<hr \/>\n<p>CLAUSOLA INFORMATIVA<\/p>\n<p>&nbsp;<\/p>\n<p>Con la presente desideriamo informarLa che, per effetto dell&#8217;entrata in vigore il 25 maggio 2018 delle disposizioni del Regolamento (UE) 2016\/679 del Parlamento Europeo e del Consiglio del 27 aprile 2016 relativo alla protezione delle persone fisiche con riguardo al trattamento dei dati personali, nonch\u00e9 alla libera circolazione di tali dati e all&#8217;abrogazione della direttiva 95\/46\/CE (Regolamento generale sulla protezione dei dati &#8211; Gazzetta Ufficiale dell&#8217;UE L 119 &#8211; di seguito: RODO), Nowy Dom Okna Sp. z o.o. assicura gli standard di protezione e di corretto trattamento dei dati personali previsti da tali disposizioni. Ai sensi dell&#8217;articolo 13, paragrafi 1 e 2, del RODO, informiamo le persone di cui la Societ\u00e0 detiene i dati che:<\/p>\n<ul class=\"bullets\">\n<li>Nowy Dom Okna Sp. z o.o. sede legale: 64-800 Chodzie\u017c, Siejaka Street 29 \u00e8 l&#8217;Amministratore dei dati personali di cui la Societ\u00e0 \u00e8 in possesso a seguito di contratti e attivit\u00e0 precontrattuali stipulati con voi, dell&#8217;emissione di fatture, del mantenimento della corrispondenza, della gestione sostanziale di domande, richieste e reclami inviatici.<\/li>\n<li>I vostri dati personali di cui sopra sono stati, sono e saranno trattati da Nowy Dom Okna Sp. z o.o., in qualit\u00e0 di Amministratore dei dati, esclusivamente per le finalit\u00e0 previste dalle disposizioni del diritto civile e commerciale.<\/li>\n<li>La base giuridica per la liceit\u00e0 del trattamento dei dati che vi riguardano da parte di Nowy Dom Okna Sp. z o.o. si basa sulle disposizioni di legge sopra citate (articolo 6, paragrafo 1, lettera c), RODO) e sulla necessit\u00e0 di eseguire i contratti stipulati con la Societ\u00e0 (articolo 6, paragrafo 1, lettera b), RODO). Ove necessario, la Societ\u00e0 chieder\u00e0 il consenso al trattamento dei dati per le finalit\u00e0 espressamente dichiarate, fatta salva la possibilit\u00e0 di revocare facilmente il consenso da parte della persona che lo ha precedentemente fornito (articolo 6, paragrafo 1, lettera a), del RODO). Nowy Dom Okna Sp. z o.o. dichiara che, in determinate situazioni di fatto, tratter\u00e0 i vostri dati personali sulla base del presupposto di necessit\u00e0 consentito dal RODO per finalit\u00e0 derivanti da interessi legittimi perseguiti dal Titolare del trattamento o da terzi (Articolo 6(1)(f) RODO). Esempi di finalit\u00e0 di tale trattamento sono:<\/li>\n<li>utilizzo della videosorveglianza per garantire la sicurezza delle persone e dei beni in alcune strutture situate nei locali della Societ\u00e0,<\/li>\n<li>commercializzazione dei servizi della Societ\u00e0 e promozione delle attivit\u00e0 e delle nuove iniziative della Societ\u00e0 presso i suoi clienti contrattuali,<\/li>\n<li>per il perseguimento di rivendicazioni commerciali.<\/li>\n<li>I suoi dati personali non saranno oggetto di un processo decisionale automatizzato da parte di Nowy Dom Okna Sp. z o.o., compresa la profilazione.<\/li>\n<li>Le persone i cui dati sono trattati dalla Societ\u00e0 hanno i seguenti diritti:<\/li>\n<li>accesso ai propri dati e di riceverne una copia,<\/li>\n<li>correggere (modificare) i propri dati,<\/li>\n<li>cancellazione dei dati (in conformit\u00e0 alle condizioni di cui all&#8217;articolo 17 del RODO),<\/li>\n<li>di limitare il trattamento dei dati,<\/li>\n<\/li>\n<li>alla portabilit\u00e0 dei dati (in conformit\u00e0 alle condizioni di cui all&#8217;articolo 20 del RODO),<\/li>\n<li>opporsi al trattamento dei dati (secondo le condizioni di cui all&#8217;articolo 21 del RODO),<\/li>\n<li> presentare un reclamo all&#8217;autorit\u00e0 di controllo, che \u00e8 il Presidente dell&#8217;Ufficio per la protezione dei dati personali.<\/li>\n<p> La Societ\u00e0 conserver\u00e0 i vostri dati personali per il periodo indicato nella legge commerciale.<\/p>\n<li>La Societ\u00e0 conserver\u00e0 i vostri dati personali per il periodo indicato dalla legge commerciale, comunque non oltre 10 anni dall&#8217;ultima operazione effettuata sui dati che vi riguardano contenuti nelle risorse informative della Societ\u00e0. Per quanto riguarda le persone che hanno dato alla Societ\u00e0 il consenso al trattamento dei loro dati di contatto, questi saranno conservati dalla Societ\u00e0 fino alla revoca di tale consenso. Il consenso pu\u00f2 essere revocato:<\/li>\n<li>per corrispondenza &#8211; inviando la relativa dichiarazione all&#8217;indirizzo: Nowy Dom Okna Sp. z o.o. &#8211; sede legale: 64-800 Chodzie\u017c, ul. Siejaka 29,<\/li>\n<per via elettronica - inviando la relativa dichiarazione all'indirizzo: biuro@nowydom-okna.pl<\/li>\n<li>di persona &#8211; presso la sede legale della nostra Societ\u00e0.\n<li>I Suoi dati personali potranno essere messi a disposizione di soggetti autorizzati in base alle norme di legge e di subappaltatori collegati alla Nowy Dom Okna Sp. z o.o. in base ad accordi sull&#8217;affidamento del trattamento dei dati personali, ad esempio studi legali, societ\u00e0 informatiche, uffici di assistenza contabile e fiscale, societ\u00e0 di servizi.<\/li>\n<li>La Societ\u00e0, in qualit\u00e0 di Titolare del trattamento, dichiara di non trasferire e di non avere intenzione di trasferire i vostri dati personali a un paese terzo o a un&#8217;organizzazione internazionale.<\/li>\n<li>Il Titolare del trattamento ha nominato un Responsabile della protezione dei dati, che pu\u00f2 essere contattato:<\/li>\n<li>telefono: (67) 282 79 24<\/li>\n<li>e-mail: biuro@nowydom-okna.pl<\/li>\n<li>di persona presso la sede della Societ\u00e0 &#8211; previo appuntamento telefonico.<\/li>\n<\/ul>\n","protected":false},"excerpt":{"rendered":"<p>Dati personali &#8211; li trattiamo in conformit\u00e0 al RODO. CLAUSOLA<a class=\"more-link\" href=\"https:\/\/ndo24.pl\/it\/rodo\/\">&#8230;<\/a><\/p>\n","protected":false},"author":2,"featured_media":0,"parent":0,"menu_order":0,"comment_status":"closed","ping_status":"closed","template":"templates\/template-content.php","meta":{"_acf_changed":false,"footnotes":""},"class_list":["post-4096","page","type-page","status-publish","hentry"],"acf":[],"yoast_head":"<!-- This site is optimized with the Yoast SEO plugin v27.2 - https:\/\/yoast.com\/product\/yoast-seo-wordpress\/ -->\n<title>Rodo - Nowy Dom Okna<\/title>\n<meta name=\"robots\" content=\"index, follow, max-snippet:-1, max-image-preview:large, max-video-preview:-1\" \/>\n<link rel=\"canonical\" href=\"https:\/\/ndo24.pl\/it\/rodo\/\" \/>\n<meta property=\"og:locale\" content=\"it_IT\" \/>\n<meta property=\"og:type\" content=\"article\" \/>\n<meta property=\"og:title\" content=\"Rodo - Nowy Dom Okna\" \/>\n<meta property=\"og:description\" content=\"Dati personali &#8211; li trattiamo in conformit\u00e0 al RODO. CLAUSOLA...\" \/>\n<meta property=\"og:url\" content=\"https:\/\/ndo24.pl\/it\/rodo\/\" \/>\n<meta property=\"og:site_name\" content=\"Nowy Dom Okna\" \/>\n<meta property=\"article:publisher\" content=\"https:\/\/www.facebook.com\/nowydomoknaspzoo\" \/>\n<meta property=\"article:modified_time\" content=\"2024-04-11T11:07:00+00:00\" \/>\n<meta name=\"twitter:card\" content=\"summary_large_image\" \/>\n<meta name=\"twitter:label1\" content=\"Est. reading time\" \/>\n\t<meta name=\"twitter:data1\" content=\"5 minuti\" \/>\n<script type=\"application\/ld+json\" class=\"yoast-schema-graph\">{\"@context\":\"https:\/\/schema.org\",\"@graph\":[{\"@type\":\"WebPage\",\"@id\":\"https:\/\/ndo24.pl\/it\/rodo\/\",\"url\":\"https:\/\/ndo24.pl\/it\/rodo\/\",\"name\":\"Rodo - Nowy Dom Okna\",\"isPartOf\":{\"@id\":\"https:\/\/ndo24.pl\/#website\"},\"datePublished\":\"2023-01-09T11:44:33+00:00\",\"dateModified\":\"2024-04-11T11:07:00+00:00\",\"breadcrumb\":{\"@id\":\"https:\/\/ndo24.pl\/it\/rodo\/#breadcrumb\"},\"inLanguage\":\"it-IT\",\"potentialAction\":[{\"@type\":\"ReadAction\",\"target\":[\"https:\/\/ndo24.pl\/it\/rodo\/\"]}]},{\"@type\":\"BreadcrumbList\",\"@id\":\"https:\/\/ndo24.pl\/it\/rodo\/#breadcrumb\",\"itemListElement\":[{\"@type\":\"ListItem\",\"position\":1,\"name\":\"Home\",\"item\":\"https:\/\/ndo24.pl\/it\/\"},{\"@type\":\"ListItem\",\"position\":2,\"name\":\"Rodo\"}]},{\"@type\":\"WebSite\",\"@id\":\"https:\/\/ndo24.pl\/#website\",\"url\":\"https:\/\/ndo24.pl\/\",\"name\":\"Nowy Dom Okna\",\"description\":\"Producent okien PVC\",\"publisher\":{\"@id\":\"https:\/\/ndo24.pl\/#organization\"},\"potentialAction\":[{\"@type\":\"SearchAction\",\"target\":{\"@type\":\"EntryPoint\",\"urlTemplate\":\"https:\/\/ndo24.pl\/?s={search_term_string}\"},\"query-input\":{\"@type\":\"PropertyValueSpecification\",\"valueRequired\":true,\"valueName\":\"search_term_string\"}}],\"inLanguage\":\"it-IT\"},{\"@type\":\"Organization\",\"@id\":\"https:\/\/ndo24.pl\/#organization\",\"name\":\"Nowy Dom Okna\",\"url\":\"https:\/\/ndo24.pl\/\",\"logo\":{\"@type\":\"ImageObject\",\"inLanguage\":\"it-IT\",\"@id\":\"https:\/\/ndo24.pl\/#\/schema\/logo\/image\/\",\"url\":\"https:\/\/ndo24.pl\/wp-content\/uploads\/2023\/01\/nowydom_logo-2-cropped.svg\",\"contentUrl\":\"https:\/\/ndo24.pl\/wp-content\/uploads\/2023\/01\/nowydom_logo-2-cropped.svg\",\"width\":480,\"height\":98,\"caption\":\"Nowy Dom Okna\"},\"image\":{\"@id\":\"https:\/\/ndo24.pl\/#\/schema\/logo\/image\/\"},\"sameAs\":[\"https:\/\/www.facebook.com\/nowydomoknaspzoo\"]}]}<\/script>\n<!-- \/ Yoast SEO plugin. -->","yoast_head_json":{"title":"Rodo - Nowy Dom Okna","robots":{"index":"index","follow":"follow","max-snippet":"max-snippet:-1","max-image-preview":"max-image-preview:large","max-video-preview":"max-video-preview:-1"},"canonical":"https:\/\/ndo24.pl\/it\/rodo\/","og_locale":"it_IT","og_type":"article","og_title":"Rodo - Nowy Dom Okna","og_description":"Dati personali &#8211; li trattiamo in conformit\u00e0 al RODO. CLAUSOLA...","og_url":"https:\/\/ndo24.pl\/it\/rodo\/","og_site_name":"Nowy Dom Okna","article_publisher":"https:\/\/www.facebook.com\/nowydomoknaspzoo","article_modified_time":"2024-04-11T11:07:00+00:00","twitter_card":"summary_large_image","twitter_misc":{"Est. reading time":"5 minuti"},"schema":{"@context":"https:\/\/schema.org","@graph":[{"@type":"WebPage","@id":"https:\/\/ndo24.pl\/it\/rodo\/","url":"https:\/\/ndo24.pl\/it\/rodo\/","name":"Rodo - Nowy Dom Okna","isPartOf":{"@id":"https:\/\/ndo24.pl\/#website"},"datePublished":"2023-01-09T11:44:33+00:00","dateModified":"2024-04-11T11:07:00+00:00","breadcrumb":{"@id":"https:\/\/ndo24.pl\/it\/rodo\/#breadcrumb"},"inLanguage":"it-IT","potentialAction":[{"@type":"ReadAction","target":["https:\/\/ndo24.pl\/it\/rodo\/"]}]},{"@type":"BreadcrumbList","@id":"https:\/\/ndo24.pl\/it\/rodo\/#breadcrumb","itemListElement":[{"@type":"ListItem","position":1,"name":"Home","item":"https:\/\/ndo24.pl\/it\/"},{"@type":"ListItem","position":2,"name":"Rodo"}]},{"@type":"WebSite","@id":"https:\/\/ndo24.pl\/#website","url":"https:\/\/ndo24.pl\/","name":"Nowy Dom Okna","description":"Producent okien PVC","publisher":{"@id":"https:\/\/ndo24.pl\/#organization"},"potentialAction":[{"@type":"SearchAction","target":{"@type":"EntryPoint","urlTemplate":"https:\/\/ndo24.pl\/?s={search_term_string}"},"query-input":{"@type":"PropertyValueSpecification","valueRequired":true,"valueName":"search_term_string"}}],"inLanguage":"it-IT"},{"@type":"Organization","@id":"https:\/\/ndo24.pl\/#organization","name":"Nowy Dom Okna","url":"https:\/\/ndo24.pl\/","logo":{"@type":"ImageObject","inLanguage":"it-IT","@id":"https:\/\/ndo24.pl\/#\/schema\/logo\/image\/","url":"https:\/\/ndo24.pl\/wp-content\/uploads\/2023\/01\/nowydom_logo-2-cropped.svg","contentUrl":"https:\/\/ndo24.pl\/wp-content\/uploads\/2023\/01\/nowydom_logo-2-cropped.svg","width":480,"height":98,"caption":"Nowy Dom Okna"},"image":{"@id":"https:\/\/ndo24.pl\/#\/schema\/logo\/image\/"},"sameAs":["https:\/\/www.facebook.com\/nowydomoknaspzoo"]}]}},"_links":{"self":[{"href":"https:\/\/ndo24.pl\/it\/wp-json\/wp\/v2\/pages\/4096","targetHints":{"allow":["GET"]}}],"collection":[{"href":"https:\/\/ndo24.pl\/it\/wp-json\/wp\/v2\/pages"}],"about":[{"href":"https:\/\/ndo24.pl\/it\/wp-json\/wp\/v2\/types\/page"}],"author":[{"embeddable":true,"href":"https:\/\/ndo24.pl\/it\/wp-json\/wp\/v2\/users\/2"}],"replies":[{"embeddable":true,"href":"https:\/\/ndo24.pl\/it\/wp-json\/wp\/v2\/comments?post=4096"}],"version-history":[{"count":4,"href":"https:\/\/ndo24.pl\/it\/wp-json\/wp\/v2\/pages\/4096\/revisions"}],"predecessor-version":[{"id":4254,"href":"https:\/\/ndo24.pl\/it\/wp-json\/wp\/v2\/pages\/4096\/revisions\/4254"}],"wp:attachment":[{"href":"https:\/\/ndo24.pl\/it\/wp-json\/wp\/v2\/media?parent=4096"}],"curies":[{"name":"wp","href":"https:\/\/api.w.org\/{rel}","templated":true}]}}