{"id":4526,"date":"2023-01-09T12:44:33","date_gmt":"2023-01-09T11:44:33","guid":{"rendered":"https:\/\/ndo24.htz2.dev-code.eu\/rodo\/"},"modified":"2023-01-09T12:44:33","modified_gmt":"2023-01-09T11:44:33","slug":"rodo","status":"publish","type":"page","link":"https:\/\/ndo24.pl\/dealer\/rodo\/","title":{"rendered":"Rodo"},"content":{"rendered":"<h2>Dane osobowe \u2013 przetwarzamy zgodnie z RODO<\/h2>\n<hr \/>\n<p>KLAUZULA\u00a0\u00a0 INFORMACYJNA<\/p>\n<p>&nbsp;<\/p>\n<p>Niniejszym pragniemy poinformowa\u0107 Pa\u0144stwa, \u017ce w zwi\u0105zku z wej\u015bciem w \u017cycie z dniem 25 maja 2018 roku przepis\u00f3w Rozporz\u0105dzenia Parlamentu Europejskiego i Rady (UE) 2016\/679 z dnia 27 kwietnia 2016 r. w sprawie ochrony os\u00f3b fizycznych w zwi\u0105zku z przetwarzaniem danych osobowych i w sprawie swobodnego przep\u0142ywu takich danych oraz uchylenia dyrektywy 95\/46\/WE (og\u00f3lne rozporz\u0105dzenie o ochronie danych \u2013 Dziennik Urz\u0119dowy UE L 119 \u2013 dalej: RODO) Nowy Dom Okna Sp. z o.o. zapewnia okre\u015blone w tych przepisach standardy ochrony i w\u0142a\u015bciwego post\u0119powania z danymi osobowymi. Zgodnie z art. 13 ust. 1 i 2 RODO informujemy osoby, kt\u00f3rych danymi Sp\u00f3\u0142ka dysponuje, \u017ce:<\/p>\n<ul class=\"bullets\">\n<li>Nowy Dom Okna Sp. z o.o. siedziba: 64-800 Chodzie\u017c, ul. Siejaka 29 jest Administratorem Danych Osobowych, w kt\u00f3rych posiadanie Sp\u00f3\u0142ka wesz\u0142a wskutek zawieranych z Pa\u0144stwem um\u00f3w i czynno\u015bci przedumownych, wystawianiem faktur, utrzymywaniem korespondencji, merytoryczn\u0105 obs\u0142ug\u0105 przesy\u0142anych do nas wniosk\u00f3w, pr\u00f3\u015bb i reklamacji.<\/li>\n<li>Pa\u0144stwa dane osobowe, o kt\u00f3rych mowa wy\u017cej, by\u0142y, s\u0105 i b\u0119d\u0105 przetwarzane przez Nowy Dom Okna Sp. z o.o., jako Administratora Danych, wy\u0142\u0105cznie w celach okre\u015blonych przepisami prawa cywilnego oraz gospodarczego.<\/li>\n<li>Prawne podstawy dopuszczalno\u015bci przetwarzania przez Nowy Dom Okna Sp. z o.o. dotycz\u0105cych Pa\u0144stwa danych oparte s\u0105 na wy\u017cej wskazanych przepisach prawa (art. 6 ust. 1 lit. c RODO) oraz na niezb\u0119dno\u015bci wykonania um\u00f3w zawieranych ze Sp\u00f3\u0142k\u0105 (art. 6 ust. 1 lit. b RODO). W wymagaj\u0105cych tego przypadkach Sp\u00f3\u0142ka ubiega\u0142a b\u0119dzie si\u0119 o wyra\u017cenie Pa\u0144stwa zgody na przetwarzanie danych w wyra\u017anie zadeklarowanym celu, z zastrze\u017ceniem mo\u017cliwo\u015bci \u0142atwego odwo\u0142ania zgody przez osob\u0119, kt\u00f3ra j\u0105 uprzednio wyrazi\u0142a (art. 6 ust. 1 lit. a RODO). Nowy Dom Okna Sp. z o.o. deklaruje, \u017ce w okre\u015blonych stanach faktycznych przetwarza\u0107 b\u0119dzie Pa\u0144stwa dane osobowe na podstawie dopuszczalnej przez RODO przes\u0142anki niezb\u0119dno\u015bci do cel\u00f3w wynikaj\u0105cych z prawnie uzasadnionych interes\u00f3w realizowanych przez Administratora Danych lub przez stron\u0119 trzeci\u0105 (art. 6 ust. 1 lit f RODO). Do przyk\u0142adowych cel\u00f3w takiego przetwarzania nale\u017ca\u0142y b\u0119d\u0105:<\/li>\n<li>wykorzystywanie monitoringu wizyjnego dla zapewnienia bezpiecze\u0144stwa os\u00f3b i mienia w okre\u015blonych obiektach znajduj\u0105cych si\u0119 na terenach nale\u017c\u0105cych do Sp\u00f3\u0142ki,<\/li>\n<li>marketing us\u0142ug w\u0142asnych oraz promowanie dzia\u0142alno\u015bci Sp\u00f3\u0142ki i nowych inicjatyw w\u015br\u00f3d klient\u00f3w zwi\u0105zanych z ni\u0105 umowami,<\/li>\n<li>dochodzenie roszcze\u0144 z tytu\u0142u prowadzenia dzia\u0142alno\u015bci gospodarczej.<\/li>\n<li>Dotycz\u0105ce Pa\u0144stwa dane osobowe nie podlegaj\u0105 zautomatyzowanemu podejmowaniu decyzji przez Nowy Dom Okna Sp. z o.o., w tym profilowaniu.<\/li>\n<li>Osobom, kt\u00f3rych dane Sp\u00f3\u0142ka przetwarza przys\u0142uguj\u0105 prawa:<\/li>\n<li>dost\u0119pu do swoich danych oraz otrzymania ich kopii,<\/li>\n<li>sprostowania (poprawiania) danych,<\/li>\n<li>usuni\u0119cia danych (zgodnie z uwarunkowaniami okre\u015blonymi w art. 17 RODO),<\/li>\n<li>do ograniczenia przetwarzania danych,<\/li>\n<li>do przenoszenia danych (zgodnie z uwarunkowaniami okre\u015blonymi w art. 20 RODO),<\/li>\n<li>wniesienia sprzeciwu wobec przetwarzania danych (zgodnie z uwarunkowaniami okre\u015blonymi w art. 21 RODO),<\/li>\n<li>wniesienia skargi do organu nadzorczego, kt\u00f3rym jest Prezes Urz\u0119du Ochrony Danych Osobowych.<\/li>\n<li>Sp\u00f3\u0142ka przechowywa\u0142a b\u0119dzie Pa\u0144stwa dane osobowe przez okres wskazany w przepisach prawa gospodarczego, niemniej nie d\u0142u\u017cej ni\u017c 10 lat od ostatniej operacji dokonanej na dotycz\u0105cych Pa\u0144stwa danych zawartych w zasobach informacyjnych Sp\u00f3\u0142ki. W odniesieniu do os\u00f3b, kt\u00f3re wyrazi\u0142y Sp\u00f3\u0142ce zgod\u0119 na przetwarzanie danych kontaktowych b\u0119d\u0105 one przechowywane przez nas do chwili odwo\u0142ania przedmiotowej zgody. Zgod\u0119 odwo\u0142a\u0107 mo\u017cna:<\/li>\n<li>korespondencyjnie \u2013 przesy\u0142aj\u0105c stosowne o\u015bwiadczenie na adres: Nowy Dom Okna Sp. z o.o. \u2013 siedziba: 64-800 Chodzie\u017c, ul. Siejaka 29,<\/li>\n<li>drog\u0105 elektroniczn\u0105 \u2013 przesy\u0142aj\u0105c stosowne o\u015bwiadczenie na adres: biuro@nowydom-okna.pl<\/li>\n<li>osobi\u015bcie \u2013 w siedzibie naszej Sp\u00f3\u0142ki.<\/li>\n<li>Pa\u0144stwa dane osobowe mog\u0105 zosta\u0107 udost\u0119pnione podmiotom upowa\u017cnionym na podstawie przepis\u00f3w prawa oraz podwykonawcom zwi\u0105zanym z Nowy Dom Okna Sp. z o.o. umowami powierzenia przetwarzania danych osobowych, np. kancelarie radc\u00f3w prawnych, firmy informatyczne, biura obs\u0142ugi rachunkowo-podatkowej, firmy serwisowe.<\/li>\n<li>Sp\u00f3\u0142ka, jako Administrator Danych, deklaruje, \u017ce nie przekazuje i nie zamierza przekazywa\u0107 Pa\u0144stwa danych osobowych do pa\u0144stwa trzeciego lub organizacji mi\u0119dzynarodowej.<\/li>\n<li>Administrator Danych wyznaczy\u0142 Inspektora Ochrony Danych, z kt\u00f3rym mo\u017cna skontaktowa\u0107 si\u0119:<\/li>\n<li>telefonicznie: (67) 282 79 24<\/li>\n<li>drog\u0105 elektroniczn\u0105: biuro@nowydom-okna.pl<\/li>\n<li>osobi\u015bcie w siedzibie Sp\u00f3\u0142ki \u2013 po uprzednim telefonicznym uzgodnieniu terminu spotkania.<\/li>\n<\/ul>\n","protected":false},"excerpt":{"rendered":"<p>Dane osobowe \u2013 przetwarzamy zgodnie z RODO KLAUZULA\u00a0\u00a0 INFORMACYJNA &nbsp;<a class=\"more-link\" href=\"https:\/\/ndo24.pl\/dealer\/rodo\/\">&#8230;<\/a><\/p>\n","protected":false},"author":2,"featured_media":0,"parent":0,"menu_order":0,"comment_status":"closed","ping_status":"closed","template":"templates\/template-content.php","meta":{"_acf_changed":false,"footnotes":""},"class_list":["post-4526","page","type-page","status-publish","hentry"],"acf":[],"yoast_head":"<!-- This site is optimized with the Yoast SEO plugin v27.2 - https:\/\/yoast.com\/product\/yoast-seo-wordpress\/ -->\n<title>Rodo - Nowy Dom Okna<\/title>\n<meta name=\"robots\" content=\"index, follow, max-snippet:-1, max-image-preview:large, max-video-preview:-1\" \/>\n<link rel=\"canonical\" href=\"https:\/\/ndo24.pl\/dealer\/rodo\/\" \/>\n<meta property=\"og:locale\" content=\"de_DE\" \/>\n<meta property=\"og:type\" content=\"article\" \/>\n<meta property=\"og:title\" content=\"Rodo - Nowy Dom Okna\" \/>\n<meta property=\"og:description\" content=\"Dane osobowe \u2013 przetwarzamy zgodnie z RODO KLAUZULA\u00a0\u00a0 INFORMACYJNA &nbsp;...\" \/>\n<meta property=\"og:url\" content=\"https:\/\/ndo24.pl\/dealer\/rodo\/\" \/>\n<meta property=\"og:site_name\" content=\"Nowy Dom Okna\" \/>\n<meta property=\"article:publisher\" content=\"https:\/\/www.facebook.com\/nowydomoknaspzoo\" \/>\n<meta name=\"twitter:card\" content=\"summary_large_image\" \/>\n<meta name=\"twitter:label1\" content=\"Est. reading time\" \/>\n\t<meta name=\"twitter:data1\" content=\"4 minutes\" \/>\n<script type=\"application\/ld+json\" class=\"yoast-schema-graph\">{\"@context\":\"https:\/\/schema.org\",\"@graph\":[{\"@type\":\"WebPage\",\"@id\":\"https:\/\/ndo24.pl\/dealer\/rodo\/\",\"url\":\"https:\/\/ndo24.pl\/dealer\/rodo\/\",\"name\":\"Rodo - Nowy Dom Okna\",\"isPartOf\":{\"@id\":\"https:\/\/ndo24.pl\/#website\"},\"datePublished\":\"2023-01-09T11:44:33+00:00\",\"breadcrumb\":{\"@id\":\"https:\/\/ndo24.pl\/dealer\/rodo\/#breadcrumb\"},\"inLanguage\":\"dealer\",\"potentialAction\":[{\"@type\":\"ReadAction\",\"target\":[\"https:\/\/ndo24.pl\/dealer\/rodo\/\"]}]},{\"@type\":\"BreadcrumbList\",\"@id\":\"https:\/\/ndo24.pl\/dealer\/rodo\/#breadcrumb\",\"itemListElement\":[{\"@type\":\"ListItem\",\"position\":1,\"name\":\"Home\",\"item\":\"https:\/\/ndo24.pl\/dealer\/\"},{\"@type\":\"ListItem\",\"position\":2,\"name\":\"Rodo\"}]},{\"@type\":\"WebSite\",\"@id\":\"https:\/\/ndo24.pl\/#website\",\"url\":\"https:\/\/ndo24.pl\/\",\"name\":\"Nowy Dom Okna\",\"description\":\"Producent okien PVC\",\"publisher\":{\"@id\":\"https:\/\/ndo24.pl\/#organization\"},\"potentialAction\":[{\"@type\":\"SearchAction\",\"target\":{\"@type\":\"EntryPoint\",\"urlTemplate\":\"https:\/\/ndo24.pl\/?s={search_term_string}\"},\"query-input\":{\"@type\":\"PropertyValueSpecification\",\"valueRequired\":true,\"valueName\":\"search_term_string\"}}],\"inLanguage\":\"dealer\"},{\"@type\":\"Organization\",\"@id\":\"https:\/\/ndo24.pl\/#organization\",\"name\":\"Nowy Dom Okna\",\"url\":\"https:\/\/ndo24.pl\/\",\"logo\":{\"@type\":\"ImageObject\",\"inLanguage\":\"dealer\",\"@id\":\"https:\/\/ndo24.pl\/#\/schema\/logo\/image\/\",\"url\":\"https:\/\/ndo24.pl\/wp-content\/uploads\/2023\/01\/nowydom_logo-2-cropped.svg\",\"contentUrl\":\"https:\/\/ndo24.pl\/wp-content\/uploads\/2023\/01\/nowydom_logo-2-cropped.svg\",\"width\":480,\"height\":98,\"caption\":\"Nowy Dom Okna\"},\"image\":{\"@id\":\"https:\/\/ndo24.pl\/#\/schema\/logo\/image\/\"},\"sameAs\":[\"https:\/\/www.facebook.com\/nowydomoknaspzoo\"]}]}<\/script>\n<!-- \/ Yoast SEO plugin. -->","yoast_head_json":{"title":"Rodo - Nowy Dom Okna","robots":{"index":"index","follow":"follow","max-snippet":"max-snippet:-1","max-image-preview":"max-image-preview:large","max-video-preview":"max-video-preview:-1"},"canonical":"https:\/\/ndo24.pl\/dealer\/rodo\/","og_locale":"de_DE","og_type":"article","og_title":"Rodo - Nowy Dom Okna","og_description":"Dane osobowe \u2013 przetwarzamy zgodnie z RODO KLAUZULA\u00a0\u00a0 INFORMACYJNA &nbsp;...","og_url":"https:\/\/ndo24.pl\/dealer\/rodo\/","og_site_name":"Nowy Dom Okna","article_publisher":"https:\/\/www.facebook.com\/nowydomoknaspzoo","twitter_card":"summary_large_image","twitter_misc":{"Est. reading time":"4 minutes"},"schema":{"@context":"https:\/\/schema.org","@graph":[{"@type":"WebPage","@id":"https:\/\/ndo24.pl\/dealer\/rodo\/","url":"https:\/\/ndo24.pl\/dealer\/rodo\/","name":"Rodo - Nowy Dom Okna","isPartOf":{"@id":"https:\/\/ndo24.pl\/#website"},"datePublished":"2023-01-09T11:44:33+00:00","breadcrumb":{"@id":"https:\/\/ndo24.pl\/dealer\/rodo\/#breadcrumb"},"inLanguage":"dealer","potentialAction":[{"@type":"ReadAction","target":["https:\/\/ndo24.pl\/dealer\/rodo\/"]}]},{"@type":"BreadcrumbList","@id":"https:\/\/ndo24.pl\/dealer\/rodo\/#breadcrumb","itemListElement":[{"@type":"ListItem","position":1,"name":"Home","item":"https:\/\/ndo24.pl\/dealer\/"},{"@type":"ListItem","position":2,"name":"Rodo"}]},{"@type":"WebSite","@id":"https:\/\/ndo24.pl\/#website","url":"https:\/\/ndo24.pl\/","name":"Nowy Dom Okna","description":"Producent okien PVC","publisher":{"@id":"https:\/\/ndo24.pl\/#organization"},"potentialAction":[{"@type":"SearchAction","target":{"@type":"EntryPoint","urlTemplate":"https:\/\/ndo24.pl\/?s={search_term_string}"},"query-input":{"@type":"PropertyValueSpecification","valueRequired":true,"valueName":"search_term_string"}}],"inLanguage":"dealer"},{"@type":"Organization","@id":"https:\/\/ndo24.pl\/#organization","name":"Nowy Dom Okna","url":"https:\/\/ndo24.pl\/","logo":{"@type":"ImageObject","inLanguage":"dealer","@id":"https:\/\/ndo24.pl\/#\/schema\/logo\/image\/","url":"https:\/\/ndo24.pl\/wp-content\/uploads\/2023\/01\/nowydom_logo-2-cropped.svg","contentUrl":"https:\/\/ndo24.pl\/wp-content\/uploads\/2023\/01\/nowydom_logo-2-cropped.svg","width":480,"height":98,"caption":"Nowy Dom Okna"},"image":{"@id":"https:\/\/ndo24.pl\/#\/schema\/logo\/image\/"},"sameAs":["https:\/\/www.facebook.com\/nowydomoknaspzoo"]}]}},"_links":{"self":[{"href":"https:\/\/ndo24.pl\/dealer\/wp-json\/wp\/v2\/pages\/4526","targetHints":{"allow":["GET"]}}],"collection":[{"href":"https:\/\/ndo24.pl\/dealer\/wp-json\/wp\/v2\/pages"}],"about":[{"href":"https:\/\/ndo24.pl\/dealer\/wp-json\/wp\/v2\/types\/page"}],"author":[{"embeddable":true,"href":"https:\/\/ndo24.pl\/dealer\/wp-json\/wp\/v2\/users\/2"}],"replies":[{"embeddable":true,"href":"https:\/\/ndo24.pl\/dealer\/wp-json\/wp\/v2\/comments?post=4526"}],"version-history":[{"count":0,"href":"https:\/\/ndo24.pl\/dealer\/wp-json\/wp\/v2\/pages\/4526\/revisions"}],"wp:attachment":[{"href":"https:\/\/ndo24.pl\/dealer\/wp-json\/wp\/v2\/media?parent=4526"}],"curies":[{"name":"wp","href":"https:\/\/api.w.org\/{rel}","templated":true}]}}