{"id":2286,"date":"2023-01-09T12:44:33","date_gmt":"2023-01-09T11:44:33","guid":{"rendered":"https:\/\/ndo24.pl\/rodo\/"},"modified":"2023-02-20T20:56:36","modified_gmt":"2023-02-20T19:56:36","slug":"rodo","status":"publish","type":"page","link":"https:\/\/ndo24.pl\/de\/rodo\/","title":{"rendered":"Rodo"},"content":{"rendered":"<h2>Personenbezogene Daten \u2013 wir verarbeiten sie gem\u00e4\u00df der DSGVO<\/h2>\n<hr \/>\n<p>INFORMATIONSKLAUSEL<\/p>\n<p>&nbsp;<\/p>\n<p>Wir m\u00f6chten Sie dar\u00fcber informieren, dass im Zusammenhang mit dem Inkrafttreten am 25. Mai 2018 die Bestimmungen der Verordnung (EU) 2016\/679 des Europ\u00e4ischen Parlaments und des Rates vom 27. April 2016 zum Schutz nat\u00fcrlicher Personen im Hinblick auf zur Verarbeitung personenbezogener Daten, zum freien Datenverkehr und zur Aufhebung der Richtlinie 95\/46\/EG (Datenschutz-Grundverordnung \u2013 Amtsblatt der EU L 119 \u2013 im Folgenden: DSGVO) Nowy Dom Okna Sp. z o. o. stellt die in diesen Vorschriften festgelegten Standards zum Schutz und zur ordnungsgem\u00e4\u00dfen Handhabung personenbezogener Daten sicher. Gem\u00e4\u00df Art. 13 Sek. 1 und 2 der DSGVO informieren wir die Personen, \u00fcber deren Daten das Unternehmen verf\u00fcgt, dass:<\/p>\n<ul class=\"bullets\">\n<li>Nowy Dom Okna Sp. z o. o. Sitz: 64-800 Chodziez, Ul. Siejaka 29 ist der Administrator von personenbezogenen Daten, die das Unternehmen aufgrund von Vertr\u00e4gen und vorvertraglichen Aktivit\u00e4ten mit Ihnen, Ausstellung von Rechnungen, Pflege der Korrespondenz, inhaltliche Bearbeitung von Antr\u00e4gen, Anfragen und Beschwerden, die an uns gesendet wurden, erworben hat.<\/li>\n<li>Ihre oben genannten personenbezogenen Daten wurden, werden und werden von Nowy Dom Okna Sp. z o.o., als Datenverwalter, nur f\u00fcr die in den Bestimmungen des Zivil- und Wirtschaftsrechts festgelegten Zwecke.<\/li>\n<li>Rechtliche Gr\u00fcnde f\u00fcr die Zul\u00e4ssigkeit der Verarbeitung durch Nowy Dom Okna Sp. z o. o. Ihrer Daten beruhen auf den oben genannten gesetzlichen Bestimmungen (Art. 6 Abs. 1 lit. c DSGVO) sowie auf der Erforderlichkeit zur Erf\u00fcllung der mit dem Unternehmen geschlossenen Vertr\u00e4ge (Art. 6 Abs. 1 lit. b DSGVO). In F\u00e4llen, in denen dies erforderlich ist, wird das Unternehmen Ihre Zustimmung zur Verarbeitung von Daten f\u00fcr einen klar erkl\u00e4rten Zweck einholen, vorbehaltlich der M\u00f6glichkeit, die Zustimmung durch die Person, die sie zuvor ausgedr\u00fcckt hat, einfach zu widerrufen (Artikel 6 (1) (a) der DSGVO). ). Nowy Dom Okna Sp. z o. o. erkl\u00e4rt, dass es Ihre personenbezogenen Daten in bestimmten tats\u00e4chlichen Situationen auf der Grundlage der von der DSGVO zugelassenen Pr\u00e4misse der Notwendigkeit f\u00fcr Zwecke verarbeitet, die sich aus berechtigten Interessen ergeben, die vom Datenverwalter oder einem Dritten verfolgt werden (Artikel 6 Absatz 1 Buchstabe f). der DSGVO). Beispiele f\u00fcr die Zwecke einer solchen Verarbeitung sind:<\/li>\n<li>Verwendung von Video\u00fcberwachung zur Gew\u00e4hrleistung der Sicherheit von Personen und Eigentum in bestimmten Einrichtungen, die sich auf dem Gel\u00e4nde des Unternehmens befinden,<\/li>\n<li>Vermarktung eigener Dienstleistungen und F\u00f6rderung der Aktivit\u00e4ten des Unternehmens und neuer Initiativen bei Kunden im Zusammenhang mit Vertr\u00e4gen,<\/li>\n<li>Verfolgung von Anspr\u00fcchen f\u00fcr die Gesch\u00e4ftst\u00e4tigkeit.<\/li>\n<li>Ihre personenbezogenen Daten unterliegen keiner automatisierten Entscheidungsfindung durch Nowy Dom Okna Sp. z o.o., einschlie\u00dflich Profiling.<\/li>\n<li>Personen, deren Daten das Unternehmen verarbeitet, haben folgende Rechte:<\/li>\n<li>Zugriff auf Ihre Daten und Erhalt einer Kopie davon,<\/li>\n<li>Berichtigung (Korrektur) von Daten,<\/li>\n<li>L\u00f6schung von Daten (gem\u00e4\u00df den Bedingungen von Artikel 17 der DSGVO),<\/li>\n<li>die Datenverarbeitung einzuschr\u00e4nken,<\/li>\n<li>Daten zu \u00fcbermitteln (gem\u00e4\u00df den Bedingungen des Artikels 20 der DSGVO),<\/li>\n<li>Widerspruch gegen die Datenverarbeitung (unter den Voraussetzungen des Art. 21 DSGVO),<\/li>\n<li>Einreichen einer Beschwerde bei der Aufsichtsbeh\u00f6rde, die der Pr\u00e4sident des Amtes f\u00fcr den Schutz personenbezogener Daten ist.<\/li>\n<li>Das Unternehmen speichert Ihre personenbezogenen Daten f\u00fcr die in den Bestimmungen des Wirtschaftsrechts festgelegte Dauer, jedoch nicht l\u00e4nger als 10 Jahre ab der letzten Operation, die mit Ihren in den Informationsressourcen des Unternehmens enthaltenen Daten durchgef\u00fchrt wurde. In Bezug auf Personen, die der Verarbeitung von Kontaktdaten durch das Unternehmen zugestimmt haben, werden diese von uns bis zum Widerruf der Einwilligung gespeichert. Die Einwilligung kann widerrufen werden:<\/li>\n<li>auf dem Postweg &#8211; indem Sie eine entsprechende Erkl\u00e4rung an die folgende Adresse senden: Nowy Dom Okna Sp. z o. o. \u2013 Sitz: 64-800 Chodzie\u017c, Ul. Siejaka 29,<\/li>\n<li>auf elektronischem Wege &#8211; indem Sie eine entsprechende Erkl\u00e4rung an folgende Adresse senden: biuro@nowydom-okna.pl<\/li>\n<li>pers\u00f6nlich &#8211; am Hauptsitz unseres Unternehmens.<\/li>\n<li>Ihre personenbezogenen Daten k\u00f6nnen gesetzlich autorisierten Stellen und Subunternehmern von Nowy Dom Okna Sp. z o. o. Vertr\u00e4ge zur Beauftragung der Verarbeitung personenbezogener Daten, z.B. Anwaltskanzleien, IT-Unternehmen, Wirtschaftspr\u00fcfungs- und Steuerb\u00fcros, Dienstleistungsunternehmen.<\/li>\n<li>Das Unternehmen als Datenverwalter erkl\u00e4rt, dass es nicht beabsichtigt und nicht beabsichtigt, Ihre personenbezogenen Daten an ein Drittland oder eine internationale Organisation zu \u00fcbermitteln.<\/li>\n<li>Der Datenverwalter hat einen Datenschutzbeauftragten ernannt, der kontaktiert werden kann:<\/li>\n<li>per Telefon: (67) 282 79 24<\/li>\n<li>per E-Mail: biuro@nowydom-okna.pl<\/li>\n<li>pers\u00f6nlich am Sitz der Gesellschaft &#8211; nach vorheriger telefonischer Vereinbarung des Versammlungstermins.<\/li>\n<\/ul>\n","protected":false},"excerpt":{"rendered":"<p>Personenbezogene Daten \u2013 wir verarbeiten sie gem\u00e4\u00df der DSGVO INFORMATIONSKLAUSEL<a class=\"more-link\" href=\"https:\/\/ndo24.pl\/de\/rodo\/\">&#8230;<\/a><\/p>\n","protected":false},"author":2,"featured_media":0,"parent":0,"menu_order":0,"comment_status":"closed","ping_status":"closed","template":"templates\/template-content.php","meta":{"_acf_changed":false,"footnotes":""},"class_list":["post-2286","page","type-page","status-publish","hentry"],"acf":[],"yoast_head":"<!-- This site is optimized with the Yoast SEO plugin v27.2 - https:\/\/yoast.com\/product\/yoast-seo-wordpress\/ -->\n<title>Rodo - Nowy Dom Okna<\/title>\n<meta name=\"robots\" content=\"index, follow, max-snippet:-1, max-image-preview:large, max-video-preview:-1\" \/>\n<link rel=\"canonical\" href=\"https:\/\/ndo24.pl\/de\/rodo\/\" \/>\n<meta property=\"og:locale\" content=\"de_DE\" \/>\n<meta property=\"og:type\" content=\"article\" \/>\n<meta property=\"og:title\" content=\"Rodo - Nowy Dom Okna\" \/>\n<meta property=\"og:description\" content=\"Personenbezogene Daten \u2013 wir verarbeiten sie gem\u00e4\u00df der DSGVO INFORMATIONSKLAUSEL...\" \/>\n<meta property=\"og:url\" content=\"https:\/\/ndo24.pl\/de\/rodo\/\" \/>\n<meta property=\"og:site_name\" content=\"Nowy Dom Okna\" \/>\n<meta property=\"article:publisher\" content=\"https:\/\/www.facebook.com\/nowydomoknaspzoo\" \/>\n<meta property=\"article:modified_time\" content=\"2023-02-20T19:56:36+00:00\" \/>\n<meta name=\"twitter:card\" content=\"summary_large_image\" \/>\n<meta name=\"twitter:label1\" content=\"Est. reading time\" \/>\n\t<meta name=\"twitter:data1\" content=\"4 Minuten\" \/>\n<script type=\"application\/ld+json\" class=\"yoast-schema-graph\">{\"@context\":\"https:\/\/schema.org\",\"@graph\":[{\"@type\":\"WebPage\",\"@id\":\"https:\/\/ndo24.pl\/de\/rodo\/\",\"url\":\"https:\/\/ndo24.pl\/de\/rodo\/\",\"name\":\"Rodo - Nowy Dom Okna\",\"isPartOf\":{\"@id\":\"https:\/\/ndo24.pl\/#website\"},\"datePublished\":\"2023-01-09T11:44:33+00:00\",\"dateModified\":\"2023-02-20T19:56:36+00:00\",\"breadcrumb\":{\"@id\":\"https:\/\/ndo24.pl\/de\/rodo\/#breadcrumb\"},\"inLanguage\":\"de-DE\",\"potentialAction\":[{\"@type\":\"ReadAction\",\"target\":[\"https:\/\/ndo24.pl\/de\/rodo\/\"]}]},{\"@type\":\"BreadcrumbList\",\"@id\":\"https:\/\/ndo24.pl\/de\/rodo\/#breadcrumb\",\"itemListElement\":[{\"@type\":\"ListItem\",\"position\":1,\"name\":\"Home\",\"item\":\"https:\/\/ndo24.pl\/de\/\"},{\"@type\":\"ListItem\",\"position\":2,\"name\":\"Rodo\"}]},{\"@type\":\"WebSite\",\"@id\":\"https:\/\/ndo24.pl\/#website\",\"url\":\"https:\/\/ndo24.pl\/\",\"name\":\"Nowy Dom Okna\",\"description\":\"Producent okien PVC\",\"publisher\":{\"@id\":\"https:\/\/ndo24.pl\/#organization\"},\"potentialAction\":[{\"@type\":\"SearchAction\",\"target\":{\"@type\":\"EntryPoint\",\"urlTemplate\":\"https:\/\/ndo24.pl\/?s={search_term_string}\"},\"query-input\":{\"@type\":\"PropertyValueSpecification\",\"valueRequired\":true,\"valueName\":\"search_term_string\"}}],\"inLanguage\":\"de-DE\"},{\"@type\":\"Organization\",\"@id\":\"https:\/\/ndo24.pl\/#organization\",\"name\":\"Nowy Dom Okna\",\"url\":\"https:\/\/ndo24.pl\/\",\"logo\":{\"@type\":\"ImageObject\",\"inLanguage\":\"de-DE\",\"@id\":\"https:\/\/ndo24.pl\/#\/schema\/logo\/image\/\",\"url\":\"https:\/\/ndo24.pl\/wp-content\/uploads\/2023\/01\/nowydom_logo-2-cropped.svg\",\"contentUrl\":\"https:\/\/ndo24.pl\/wp-content\/uploads\/2023\/01\/nowydom_logo-2-cropped.svg\",\"width\":480,\"height\":98,\"caption\":\"Nowy Dom Okna\"},\"image\":{\"@id\":\"https:\/\/ndo24.pl\/#\/schema\/logo\/image\/\"},\"sameAs\":[\"https:\/\/www.facebook.com\/nowydomoknaspzoo\"]}]}<\/script>\n<!-- \/ Yoast SEO plugin. -->","yoast_head_json":{"title":"Rodo - Nowy Dom Okna","robots":{"index":"index","follow":"follow","max-snippet":"max-snippet:-1","max-image-preview":"max-image-preview:large","max-video-preview":"max-video-preview:-1"},"canonical":"https:\/\/ndo24.pl\/de\/rodo\/","og_locale":"de_DE","og_type":"article","og_title":"Rodo - Nowy Dom Okna","og_description":"Personenbezogene Daten \u2013 wir verarbeiten sie gem\u00e4\u00df der DSGVO INFORMATIONSKLAUSEL...","og_url":"https:\/\/ndo24.pl\/de\/rodo\/","og_site_name":"Nowy Dom Okna","article_publisher":"https:\/\/www.facebook.com\/nowydomoknaspzoo","article_modified_time":"2023-02-20T19:56:36+00:00","twitter_card":"summary_large_image","twitter_misc":{"Est. reading time":"4 Minuten"},"schema":{"@context":"https:\/\/schema.org","@graph":[{"@type":"WebPage","@id":"https:\/\/ndo24.pl\/de\/rodo\/","url":"https:\/\/ndo24.pl\/de\/rodo\/","name":"Rodo - Nowy Dom Okna","isPartOf":{"@id":"https:\/\/ndo24.pl\/#website"},"datePublished":"2023-01-09T11:44:33+00:00","dateModified":"2023-02-20T19:56:36+00:00","breadcrumb":{"@id":"https:\/\/ndo24.pl\/de\/rodo\/#breadcrumb"},"inLanguage":"de-DE","potentialAction":[{"@type":"ReadAction","target":["https:\/\/ndo24.pl\/de\/rodo\/"]}]},{"@type":"BreadcrumbList","@id":"https:\/\/ndo24.pl\/de\/rodo\/#breadcrumb","itemListElement":[{"@type":"ListItem","position":1,"name":"Home","item":"https:\/\/ndo24.pl\/de\/"},{"@type":"ListItem","position":2,"name":"Rodo"}]},{"@type":"WebSite","@id":"https:\/\/ndo24.pl\/#website","url":"https:\/\/ndo24.pl\/","name":"Nowy Dom Okna","description":"Producent okien PVC","publisher":{"@id":"https:\/\/ndo24.pl\/#organization"},"potentialAction":[{"@type":"SearchAction","target":{"@type":"EntryPoint","urlTemplate":"https:\/\/ndo24.pl\/?s={search_term_string}"},"query-input":{"@type":"PropertyValueSpecification","valueRequired":true,"valueName":"search_term_string"}}],"inLanguage":"de-DE"},{"@type":"Organization","@id":"https:\/\/ndo24.pl\/#organization","name":"Nowy Dom Okna","url":"https:\/\/ndo24.pl\/","logo":{"@type":"ImageObject","inLanguage":"de-DE","@id":"https:\/\/ndo24.pl\/#\/schema\/logo\/image\/","url":"https:\/\/ndo24.pl\/wp-content\/uploads\/2023\/01\/nowydom_logo-2-cropped.svg","contentUrl":"https:\/\/ndo24.pl\/wp-content\/uploads\/2023\/01\/nowydom_logo-2-cropped.svg","width":480,"height":98,"caption":"Nowy Dom Okna"},"image":{"@id":"https:\/\/ndo24.pl\/#\/schema\/logo\/image\/"},"sameAs":["https:\/\/www.facebook.com\/nowydomoknaspzoo"]}]}},"_links":{"self":[{"href":"https:\/\/ndo24.pl\/de\/wp-json\/wp\/v2\/pages\/2286","targetHints":{"allow":["GET"]}}],"collection":[{"href":"https:\/\/ndo24.pl\/de\/wp-json\/wp\/v2\/pages"}],"about":[{"href":"https:\/\/ndo24.pl\/de\/wp-json\/wp\/v2\/types\/page"}],"author":[{"embeddable":true,"href":"https:\/\/ndo24.pl\/de\/wp-json\/wp\/v2\/users\/2"}],"replies":[{"embeddable":true,"href":"https:\/\/ndo24.pl\/de\/wp-json\/wp\/v2\/comments?post=2286"}],"version-history":[{"count":1,"href":"https:\/\/ndo24.pl\/de\/wp-json\/wp\/v2\/pages\/2286\/revisions"}],"predecessor-version":[{"id":2390,"href":"https:\/\/ndo24.pl\/de\/wp-json\/wp\/v2\/pages\/2286\/revisions\/2390"}],"wp:attachment":[{"href":"https:\/\/ndo24.pl\/de\/wp-json\/wp\/v2\/media?parent=2286"}],"curies":[{"name":"wp","href":"https:\/\/api.w.org\/{rel}","templated":true}]}}